{"id":242241,"date":"2022-11-07T07:09:00","date_gmt":"2022-11-07T07:09:00","guid":{"rendered":"https:\/\/www.aptilongroup.com\/kurumsal\/"},"modified":"2023-09-02T09:18:16","modified_gmt":"2023-09-02T09:18:16","slug":"kurumsal","status":"publish","type":"page","link":"https:\/\/www.aptilongroup.com\/tr\/kurumsal\/","title":{"rendered":"Kurumsal"},"content":{"rendered":"<p>[et_pb_section fb_built=&#8221;1&#8243; custom_padding_last_edited=&#8221;on|phone&#8221; admin_label=&#8221;Header&#8221; _builder_version=&#8221;4.19.4&#8243; background_color=&#8221;rgba(12,113,195,0.33)&#8221; background_image=&#8221;https:\/\/www.aptilongroup.com\/wp-content\/uploads\/2023\/01\/Slide-5-Medium.jpeg&#8221; background_position=&#8221;center_left&#8221; background_horizontal_offset=&#8221;0%&#8221; background_blend=&#8221;luminosity&#8221; custom_margin=&#8221;|||&#8221; custom_padding=&#8221;6vw||6vw||true|false&#8221; custom_padding_tablet=&#8221;||||false|false&#8221; custom_padding_phone=&#8221;||||false|false&#8221; border_radii=&#8221;||||10vw&#8221; box_shadow_style=&#8221;preset1&#8243; box_shadow_vertical=&#8221;40px&#8221; box_shadow_blur=&#8221;60px&#8221; box_shadow_color=&#8221;rgba(0,64,135,0.06)&#8221; locked=&#8221;off&#8221; global_colors_info=&#8221;{}&#8221;][et_pb_row column_structure=&#8221;3_5,2_5&#8243; _builder_version=&#8221;4.19.4&#8243; global_colors_info=&#8221;{}&#8221;][et_pb_column type=&#8221;3_5&#8243; _builder_version=&#8221;4.19.4&#8243; custom_padding=&#8221;|||&#8221; global_colors_info=&#8221;{}&#8221; custom_padding__hover=&#8221;|||&#8221;][et_pb_text _builder_version=&#8221;4.19.4&#8243; text_font=&#8221;||||||||&#8221; text_text_color=&#8221;#FFFFFF&#8221; header_font=&#8221;Cantata One||||||||&#8221; header_text_color=&#8221;#FFFFFF&#8221; header_font_size=&#8221;50px&#8221; header_line_height=&#8221;1.4em&#8221; header_2_font=&#8221;||||||||&#8221; header_2_text_color=&#8221;rgba(0,0,0,0.35)&#8221; header_2_font_size=&#8221;20px&#8221; header_2_line_height=&#8221;1.6em&#8221; animation_style=&#8221;slide&#8221; animation_direction=&#8221;bottom&#8221; header_font_size_tablet=&#8221;35px&#8221; header_font_size_phone=&#8221;25px&#8221; header_font_size_last_edited=&#8221;on|desktop&#8221; global_colors_info=&#8221;{}&#8221;]<\/p>\n<h1>Kurumsal<\/h1>\n<p>[\/et_pb_text][\/et_pb_column][et_pb_column type=&#8221;2_5&#8243; _builder_version=&#8221;4.16&#8243; custom_padding=&#8221;15px|||&#8221; global_colors_info=&#8221;{}&#8221; custom_padding__hover=&#8221;|||&#8221;][\/et_pb_column][\/et_pb_row][\/et_pb_section][et_pb_section fb_built=&#8221;1&#8243; _builder_version=&#8221;4.19.4&#8243; _module_preset=&#8221;default&#8221; global_colors_info=&#8221;{}&#8221;][et_pb_row column_structure=&#8221;3_5,2_5&#8243; _builder_version=&#8221;4.19.4&#8243; _module_preset=&#8221;default&#8221; global_colors_info=&#8221;{}&#8221;][et_pb_column type=&#8221;3_5&#8243; _builder_version=&#8221;4.19.4&#8243; _module_preset=&#8221;default&#8221; global_colors_info=&#8221;{}&#8221;][et_pb_text _builder_version=&#8221;4.21.0&#8243; _module_preset=&#8221;default&#8221; text_text_color=&#8221;#243063&#8243; header_font=&#8221;Abril Fatface||||||||&#8221; header_text_color=&#8221;#243063&#8243; header_2_font=&#8221;Abril Fatface||||||||&#8221; header_2_text_color=&#8221;#243063&#8243; global_colors_info=&#8221;{}&#8221;]<\/p>\n<h2>Ara\u015ft\u0131rma ve Geli\u015ftirme (Ar-Ge)<\/h2>\n<p>&nbsp;<\/p>\n<p>Bebekler i\u00e7in kaliteli bez \u00fcretmenin \u00f6nemi ve iyi bir gece uykusunun hem bebekler hem de anneler i\u00e7in \u00f6nemi. AptilonGroup \u015firketi, bebeklerin ve annelerin ihtiya\u00e7lar\u0131n\u0131 belirlemek ve en iyi \u00e7\u00f6z\u00fcmleri bulmak i\u00e7in \u00e7al\u0131\u015fan bir Ara\u015ft\u0131rma ve Geli\u015ftirme&#8217;ye (Ar-Ge) sahiptir. Rahat, kuru, g\u00fcvenli ve bebeklere zarar vermeyecek bezler \u00fcretmeyi ama\u00e7l\u0131yorlar. Metin ayr\u0131ca \u00fcretim s\u00fcrecinde hijyenin \u00f6neminden ve bebek bezi de\u011fi\u015ftirirken bebekleri e\u011flendirmek i\u00e7in tamamlay\u0131c\u0131 tasar\u0131mlar\u0131n kullan\u0131lmas\u0131ndan bahseder. \u015eirket, bebeklerin kuru ve mutlu b\u00fcy\u00fcmelerine yard\u0131mc\u0131 olacak, annelerin kendilerini g\u00fcvende ve rahat hissetmelerini sa\u011flayacak bebek bezi \u00fcretimini ba\u015fard\u0131\u011f\u0131n\u0131 iddia ediyor.<\/p>\n<p>[\/et_pb_text][\/et_pb_column][et_pb_column type=&#8221;2_5&#8243; _builder_version=&#8221;4.19.4&#8243; _module_preset=&#8221;default&#8221; global_colors_info=&#8221;{}&#8221;][et_pb_image src=&#8221;https:\/\/www.aptilongroup.com\/wp-content\/uploads\/2023\/05\/IMG_4025-Mediumx.jpg&#8221; title_text=&#8221;IMG_4025 (Mediumx)&#8221; _builder_version=&#8221;4.21.0&#8243; _module_preset=&#8221;default&#8221; animation_style=&#8221;fold&#8221; animation_delay=&#8221;250ms&#8221; animation_speed_curve=&#8221;ease-out&#8221; border_radii=&#8221;off|10px|10px||&#8221; global_colors_info=&#8221;{}&#8221;][\/et_pb_image][\/et_pb_column][\/et_pb_row][\/et_pb_section][et_pb_section fb_built=&#8221;1&#8243; _builder_version=&#8221;4.19.4&#8243; _module_preset=&#8221;default&#8221; global_colors_info=&#8221;{}&#8221;][et_pb_row column_structure=&#8221;2_5,3_5&#8243; _builder_version=&#8221;4.19.4&#8243; _module_preset=&#8221;default&#8221; custom_margin=&#8221;||||false|false&#8221; custom_padding=&#8221;||||false|false&#8221; global_colors_info=&#8221;{}&#8221;][et_pb_column type=&#8221;2_5&#8243; _builder_version=&#8221;4.19.4&#8243; _module_preset=&#8221;default&#8221; global_colors_info=&#8221;{}&#8221;][et_pb_image src=&#8221;https:\/\/www.aptilongroup.com\/wp-content\/uploads\/2023\/05\/IMG_4043-Mediumx.png&#8221; title_text=&#8221;IMG_4043 (Mediumx)&#8221; _builder_version=&#8221;4.21.0&#8243; _module_preset=&#8221;default&#8221; width=&#8221;100%&#8221; min_height=&#8221;244.6px&#8221; border_radii=&#8221;off|10px|10px||&#8221; box_shadow_style=&#8221;preset3&#8243; global_colors_info=&#8221;{}&#8221;][\/et_pb_image][\/et_pb_column][et_pb_column type=&#8221;3_5&#8243; _builder_version=&#8221;4.19.4&#8243; _module_preset=&#8221;default&#8221; global_colors_info=&#8221;{}&#8221;][et_pb_text _builder_version=&#8221;4.21.0&#8243; _module_preset=&#8221;default&#8221; text_text_color=&#8221;#243063&#8243; header_font=&#8221;Abril Fatface||||||||&#8221; header_2_font=&#8221;Abril Fatface||||||||&#8221; header_2_text_color=&#8221;#243063&#8243; global_colors_info=&#8221;{}&#8221;]<\/p>\n<h2>Laboratuvar (LAB)<\/h2>\n<p>&nbsp;<\/p>\n<p>Bebeklerin sa\u011fl\u0131\u011f\u0131na \u00f6ncelik verme fikri, bizi s\u00fcrekli olarak daha iyi kalite ve uygun maliyet i\u00e7in \u00e7aba g\u00f6stermeye te\u015fvik ediyor.<br \/>\u00dcr\u00fcn performans\u0131, rahatl\u0131k, uyum, ergonomi, kuruluk, emicilik, kalite, verimlilik, maliyet, teknoloji ve ba\u015far\u0131m\u0131za katk\u0131da bulunan di\u011fer fakt\u00f6rler a\u00e7\u0131s\u0131ndan daha iyi.<\/p>\n<p>AptilonGroup&#8217;un test etmek ve Ar-Ge ekibine \u00fcr\u00fcnleri iyile\u015ftirmede yard\u0131mc\u0131 olmak i\u00e7in gerekli t\u00fcm ara\u00e7lara sahip laboratuvar\u0131 \u00e7ok \u00f6nemlidir. \u00dcr\u00fcnlerimizin bir ailenin en de\u011ferli varl\u0131\u011f\u0131 olarak kullan\u0131ld\u0131\u011f\u0131n\u0131n bilincinde oldu\u011fumuz i\u00e7in her bir \u00fcr\u00fcn\u00fcn standartlara uygun olmas\u0131na b\u00fcy\u00fck \u00f6zen g\u00f6steriyoruz.<\/p>\n<p>[\/et_pb_text][\/et_pb_column][\/et_pb_row][\/et_pb_section][et_pb_section fb_built=&#8221;1&#8243; _builder_version=&#8221;4.19.4&#8243; _module_preset=&#8221;default&#8221; background_color=&#8221;gcid-a4d2563e-7c0f-47cb-919a-e3be012c630b&#8221; border_color_all=&#8221;RGBA(255,255,255,0)&#8221; global_colors_info=&#8221;{%22gcid-a4d2563e-7c0f-47cb-919a-e3be012c630b%22:%91%22background_color%22%93}&#8221;][et_pb_row _builder_version=&#8221;4.19.4&#8243; _module_preset=&#8221;default&#8221; global_colors_info=&#8221;{}&#8221;][et_pb_column type=&#8221;4_4&#8243; _builder_version=&#8221;4.19.4&#8243; _module_preset=&#8221;default&#8221; global_colors_info=&#8221;{}&#8221;][et_pb_text _builder_version=&#8221;4.19.4&#8243; _module_preset=&#8221;default&#8221; header_2_font=&#8221;Abril Fatface||||||||&#8221; header_2_text_color=&#8221;#FFFFFF&#8221; global_colors_info=&#8221;{}&#8221;]<\/p>\n<h2>Sertifikalar\u0131m\u0131z<\/h2>\n<p>[\/et_pb_text][\/et_pb_column][\/et_pb_row][et_pb_row column_structure=&#8221;1_4,1_4,1_4,1_4&#8243; _builder_version=&#8221;4.19.4&#8243; _module_preset=&#8221;default&#8221; global_colors_info=&#8221;{}&#8221;][et_pb_column type=&#8221;1_4&#8243; _builder_version=&#8221;4.19.4&#8243; _module_preset=&#8221;default&#8221; global_colors_info=&#8221;{}&#8221;][et_pb_image src=&#8221;https:\/\/www.aptilongroup.com\/wp-content\/uploads\/2023\/08\/FMK.23_AC.C0072.01.webp&#8221; title_text=&#8221;FMK.23_AC.C0072.01&#8243; _builder_version=&#8221;4.22.1&#8243; _module_preset=&#8221;default&#8221; hover_enabled=&#8221;0&#8243; global_colors_info=&#8221;{}&#8221; sticky_enabled=&#8221;0&#8243;][\/et_pb_image][\/et_pb_column][et_pb_column type=&#8221;1_4&#8243; _builder_version=&#8221;4.19.4&#8243; _module_preset=&#8221;default&#8221; global_colors_info=&#8221;{}&#8221;][et_pb_image src=&#8221;https:\/\/www.aptilongroup.com\/wp-content\/uploads\/2023\/02\/certifications-APTILON_Page_1-scaled.jpg&#8221; title_text=&#8221;certifications-APT\u0130LON_Page_1&#8243; _builder_version=&#8221;4.19.4&#8243; _module_preset=&#8221;default&#8221; global_colors_info=&#8221;{}&#8221;][\/et_pb_image][\/et_pb_column][et_pb_column type=&#8221;1_4&#8243; _builder_version=&#8221;4.19.4&#8243; _module_preset=&#8221;default&#8221; global_colors_info=&#8221;{}&#8221;][et_pb_image src=&#8221;https:\/\/www.aptilongroup.com\/wp-content\/uploads\/2023\/02\/certifications-APTILON_Page_2-scaled.jpg&#8221; title_text=&#8221;certifications-APT\u0130LON_Page_2&#8243; _builder_version=&#8221;4.19.4&#8243; _module_preset=&#8221;default&#8221; global_colors_info=&#8221;{}&#8221;][\/et_pb_image][\/et_pb_column][et_pb_column type=&#8221;1_4&#8243; _builder_version=&#8221;4.19.4&#8243; _module_preset=&#8221;default&#8221; global_colors_info=&#8221;{}&#8221;][\/et_pb_column][\/et_pb_row][\/et_pb_section][et_pb_section fb_built=&#8221;1&#8243; _builder_version=&#8221;4.19.4&#8243; _module_preset=&#8221;default&#8221; global_colors_info=&#8221;{}&#8221;][et_pb_row column_structure=&#8221;3_5,2_5&#8243; use_custom_gutter=&#8221;on&#8221; gutter_width=&#8221;2&#8243; _builder_version=&#8221;4.19.4&#8243; _module_preset=&#8221;default&#8221; locked=&#8221;off&#8221; global_colors_info=&#8221;{}&#8221;][et_pb_column type=&#8221;3_5&#8243; _builder_version=&#8221;4.19.4&#8243; _module_preset=&#8221;default&#8221; global_colors_info=&#8221;{}&#8221;][et_pb_text _builder_version=&#8221;4.21.0&#8243; _module_preset=&#8221;default&#8221; text_text_color=&#8221;#243063&#8243; header_font=&#8221;Abril Fatface||||||||&#8221; header_text_color=&#8221;#243063&#8243; header_2_font=&#8221;Abril Fatface||||||||&#8221; global_colors_info=&#8221;{}&#8221;]<\/p>\n<h2>\u00dcretim tesisi<\/h2>\n<p>&nbsp;<\/p>\n<p>AptilonGroups \u00fcretim tesisi 2019 y\u0131l\u0131nda 2.000 m2 arsa \u00fczerine kurulmu\u015ftur.<br \/>2018 &#8211; 19 y\u0131llar\u0131nda y\u00fcksek teknolojili hatlarla \u00fcretime ba\u015flayan tesis, ileri teknolojiye ayak uydurarak \u00fcretimini geli\u015ftirmeye devam etmektedir.<\/p>\n<p>Y\u0131ll\u0131k 1 milyar adet ped \u00fcretim kapasitesi, en g\u00fcncel teknoloji ile donat\u0131lm\u0131\u015f y\u00fcksek h\u0131zl\u0131 hatlar ve paketleme makineleri ile yap\u0131lm\u0131\u015f olup, tesis modern ve \u00e7evreci teknolojileri kullanan, konusunda uzman bir \u00fcretim ekibine sahiptir. sa\u011fl\u0131k hizmetlerine ve g\u00fcvenli\u011fe verilen \u00f6nem, iyi bir \u00fcretim tesisi \u00f6rne\u011fini kan\u0131tl\u0131yor. <strong>GMP<\/strong>, <strong>ISO 9001<\/strong> ve <strong>ISO 13485<\/strong> sertifikalar\u0131.<\/p>\n<p>\u00dcretim tesisi s\u00fcre\u00e7leri, yeni teknoloji yat\u0131r\u0131mlar\u0131, 24 saat izlenebilirlik ve verimlilik art\u0131r\u0131c\u0131 sistemler ile s\u00fcrekli iyile\u015ftirilmektedir.<\/p>\n<p>[\/et_pb_text][\/et_pb_column][et_pb_column type=&#8221;2_5&#8243; _builder_version=&#8221;4.19.4&#8243; _module_preset=&#8221;default&#8221; global_colors_info=&#8221;{}&#8221;][et_pb_image src=&#8221;https:\/\/www.aptilongroup.com\/wp-content\/uploads\/2023\/01\/IMG_1758-Small.jpg&#8221; title_text=&#8221;IMG_1758 (Small)&#8221; _builder_version=&#8221;4.19.4&#8243; _module_preset=&#8221;default&#8221; animation_style=&#8221;fold&#8221; animation_delay=&#8221;250ms&#8221; animation_speed_curve=&#8221;ease-out&#8221; border_radii=&#8221;off|10px|10px||&#8221; global_colors_info=&#8221;{}&#8221;][\/et_pb_image][\/et_pb_column][\/et_pb_row][\/et_pb_section][et_pb_section fb_built=&#8221;1&#8243; fullwidth=&#8221;on&#8221; admin_label=&#8221;Map&#8221; _builder_version=&#8221;4.16&#8243; background_color=&#8221;#f6f7fa&#8221; top_divider_style=&#8221;wave&#8221; top_divider_color=&#8221;#f6f7fa&#8221; top_divider_height=&#8221;14px&#8221; top_divider_repeat=&#8221;18x&#8221; top_divider_repeat_tablet=&#8221;9x&#8221; top_divider_repeat_phone=&#8221;4x&#8221; top_divider_repeat_last_edited=&#8221;on|phone&#8221; global_colors_info=&#8221;{}&#8221;][et_pb_fullwidth_image src=&#8221;https:\/\/www.aptilongroup.com\/wp-content\/uploads\/2023\/06\/factory-aptilongroup.jpg&#8221; title_text=&#8221;factory-aptilongroup&#8221; _builder_version=&#8221;4.21.0&#8243; _module_preset=&#8221;default&#8221; custom_padding=&#8221;||0px|||&#8221; global_colors_info=&#8221;{}&#8221;][\/et_pb_fullwidth_image][\/et_pb_section]<\/p>\n","protected":false},"excerpt":{"rendered":"<p>KurumsalAra\u015ft\u0131rma ve Geli\u015ftirme (Ar-Ge) &nbsp; Bebekler i\u00e7in kaliteli bez \u00fcretmenin \u00f6nemi ve iyi bir gece uykusunun hem bebekler hem de anneler i\u00e7in \u00f6nemi. AptilonGroup \u015firketi, bebeklerin ve annelerin ihtiya\u00e7lar\u0131n\u0131 belirlemek ve en iyi \u00e7\u00f6z\u00fcmleri bulmak i\u00e7in \u00e7al\u0131\u015fan bir Ara\u015ft\u0131rma ve Geli\u015ftirme&#8217;ye (Ar-Ge) sahiptir. Rahat, kuru, g\u00fcvenli ve bebeklere zarar vermeyecek bezler \u00fcretmeyi ama\u00e7l\u0131yorlar. Metin ayr\u0131ca [&hellip;]<\/p>\n","protected":false},"author":1,"featured_media":0,"parent":0,"menu_order":0,"comment_status":"closed","ping_status":"closed","template":"","meta":{"_et_pb_use_builder":"on","_et_pb_old_content":"","_et_gb_content_width":"","footnotes":""},"_links":{"self":[{"href":"https:\/\/www.aptilongroup.com\/tr\/wp-json\/wp\/v2\/pages\/242241"}],"collection":[{"href":"https:\/\/www.aptilongroup.com\/tr\/wp-json\/wp\/v2\/pages"}],"about":[{"href":"https:\/\/www.aptilongroup.com\/tr\/wp-json\/wp\/v2\/types\/page"}],"author":[{"embeddable":true,"href":"https:\/\/www.aptilongroup.com\/tr\/wp-json\/wp\/v2\/users\/1"}],"replies":[{"embeddable":true,"href":"https:\/\/www.aptilongroup.com\/tr\/wp-json\/wp\/v2\/comments?post=242241"}],"version-history":[{"count":2,"href":"https:\/\/www.aptilongroup.com\/tr\/wp-json\/wp\/v2\/pages\/242241\/revisions"}],"predecessor-version":[{"id":242287,"href":"https:\/\/www.aptilongroup.com\/tr\/wp-json\/wp\/v2\/pages\/242241\/revisions\/242287"}],"wp:attachment":[{"href":"https:\/\/www.aptilongroup.com\/tr\/wp-json\/wp\/v2\/media?parent=242241"}],"curies":[{"name":"wp","href":"https:\/\/api.w.org\/{rel}","templated":true}]}}