{"id":242250,"date":"2023-03-20T07:51:55","date_gmt":"2023-03-20T07:51:55","guid":{"rendered":"https:\/\/www.aptilongroup.com\/ozel-etiket\/"},"modified":"2023-08-02T12:59:32","modified_gmt":"2023-08-02T12:59:32","slug":"ozel-etiket","status":"publish","type":"page","link":"https:\/\/www.aptilongroup.com\/tr\/ozel-etiket\/","title":{"rendered":"\u00d6zel etiket"},"content":{"rendered":"<p>[et_pb_section fb_built=&#8221;1&#8243; custom_padding_last_edited=&#8221;on|phone&#8221; admin_label=&#8221;Header&#8221; _builder_version=&#8221;4.21.0&#8243; background_color=&#8221;rgba(12,113,195,0.68)&#8221; background_image=&#8221;https:\/\/www.aptilongroup.com\/wp-content\/uploads\/2023\/06\/13-PRIV-Medium.jpg&#8221; background_position=&#8221;top_center&#8221; background_blend=&#8221;multiply&#8221; custom_margin=&#8221;|||&#8221; custom_padding=&#8221;6vw||6vw||true|false&#8221; custom_padding_tablet=&#8221;||||false|false&#8221; custom_padding_phone=&#8221;||||false|false&#8221; border_radii=&#8221;||||10vw&#8221; box_shadow_style=&#8221;preset1&#8243; box_shadow_vertical=&#8221;40px&#8221; box_shadow_blur=&#8221;60px&#8221; box_shadow_color=&#8221;rgba(0,64,135,0.06)&#8221; locked=&#8221;off&#8221; global_colors_info=&#8221;{}&#8221;][et_pb_row column_structure=&#8221;3_5,2_5&#8243; _builder_version=&#8221;4.19.4&#8243; global_colors_info=&#8221;{}&#8221;][et_pb_column type=&#8221;3_5&#8243; _builder_version=&#8221;4.19.4&#8243; custom_padding=&#8221;|||&#8221; global_colors_info=&#8221;{}&#8221; custom_padding__hover=&#8221;|||&#8221;][et_pb_text _builder_version=&#8221;4.20.2&#8243; text_font=&#8221;||||||||&#8221; text_text_color=&#8221;#FFFFFF&#8221; header_font=&#8221;Cantata One||||||||&#8221; header_text_color=&#8221;#FFFFFF&#8221; header_font_size=&#8221;50px&#8221; header_line_height=&#8221;1.4em&#8221; header_2_font=&#8221;||||||||&#8221; header_2_text_color=&#8221;rgba(0,0,0,0.35)&#8221; header_2_font_size=&#8221;20px&#8221; header_2_line_height=&#8221;1.6em&#8221; animation_style=&#8221;slide&#8221; animation_direction=&#8221;bottom&#8221; header_font_size_tablet=&#8221;35px&#8221; header_font_size_phone=&#8221;25px&#8221; header_font_size_last_edited=&#8221;on|desktop&#8221; global_colors_info=&#8221;{}&#8221;]<\/p>\n<h1>\u00d6zel etiket<\/h1>\n<p>[\/et_pb_text][\/et_pb_column][et_pb_column type=&#8221;2_5&#8243; _builder_version=&#8221;4.16&#8243; custom_padding=&#8221;15px|||&#8221; global_colors_info=&#8221;{}&#8221; custom_padding__hover=&#8221;|||&#8221;][\/et_pb_column][\/et_pb_row][\/et_pb_section][et_pb_section fb_built=&#8221;1&#8243; make_equal=&#8221;on&#8221; specialty=&#8221;on&#8221; bg_img_2=&#8221;https:\/\/www.aptilongroup.com\/wp-content\/uploads\/2023\/01\/DUZENLENMIS-LOGO-EKLENMIS-Medium.jpg&#8221; background_position_2=&#8221;center_left&#8221; background_horizontal_offset_2=&#8221;22%&#8221; use_background_color_gradient_2=&#8221;on&#8221; background_color_gradient_stops_2=&#8221;gcid-a4d2563e-7c0f-47cb-919a-e3be012c630b 0%|gcid-5c4dcd37-9d26-4240-b217-1e37bf2340b3 100%&#8221; background_color_gradient_overlays_image_2=&#8221;on&#8221; padding_top_2=&#8221;32px&#8221; padding_right_2=&#8221;80px&#8221; padding_bottom_2=&#8221;32px&#8221; padding_left_2=&#8221;80px&#8221; padding_top_bottom_link_2=&#8221;true&#8221; padding_left_right_link_2=&#8221;true&#8221; padding_2_tablet=&#8221;|40px||40px||true&#8221; padding_2_phone=&#8221;|20px||20px||true&#8221; padding_2_last_edited=&#8221;on|phone&#8221; admin_label=&#8221;Header&#8221; _builder_version=&#8221;4.20.2&#8243; custom_margin=&#8221;||60px&#8221; global_colors_info=&#8221;{%22gcid-5c4dcd37-9d26-4240-b217-1e37bf2340b3%22:%91%22background_color_gradient_stops_2%22%93}&#8221;][et_pb_column type=&#8221;1_2&#8243; specialty_columns=&#8221;2&#8243; _builder_version=&#8221;4.16&#8243; custom_padding=&#8221;|||&#8221; global_colors_info=&#8221;{}&#8221; custom_padding__hover=&#8221;|||&#8221;][et_pb_row_inner _builder_version=&#8221;4.16&#8243; custom_padding=&#8221;|||&#8221; global_colors_info=&#8221;{}&#8221;][et_pb_column_inner saved_specialty_column_type=&#8221;1_2&#8243; _builder_version=&#8221;4.16&#8243; global_colors_info=&#8221;{}&#8221;][et_pb_text _builder_version=&#8221;4.21.0&#8243; header_font=&#8221;Poppins|600|||||||&#8221; header_font_size=&#8221;64px&#8221; header_line_height=&#8221;1.2em&#8221; header_2_font=&#8221;Abril Fatface||||||||&#8221; header_2_text_color=&#8221;#243063&#8243; custom_margin_tablet=&#8221;||10px&#8221; custom_margin_phone=&#8221;&#8221; custom_margin_last_edited=&#8221;on|desktop&#8221; header_font_size_tablet=&#8221;48px&#8221; header_font_size_phone=&#8221;32px&#8221; header_font_size_last_edited=&#8221;on|desktop&#8221; locked=&#8221;off&#8221; global_colors_info=&#8221;{}&#8221;]<\/p>\n<h2>\u00d6zel Marka \u00c7\u00f6z\u00fcmleri<\/h2>\n<p>[\/et_pb_text][et_pb_text _builder_version=&#8221;4.21.0&#8243; text_font=&#8221;||||||||&#8221; text_text_color=&#8221;#243063&#8243; text_font_size=&#8221;17px&#8221; text_line_height=&#8221;1.8em&#8221; text_font_size_tablet=&#8221;&#8221; text_font_size_phone=&#8221;14px&#8221; text_font_size_last_edited=&#8221;on|desktop&#8221; locked=&#8221;off&#8221; global_colors_info=&#8221;{}&#8221;]<\/p>\n<p>Aptilon Group olarak, bir\u00e7ok \u015firketin kendilerini pazarda farkl\u0131 k\u0131lmak i\u00e7in benzersiz \u00e7\u00f6z\u00fcmler arad\u0131\u011f\u0131n\u0131 anl\u0131yoruz. \u00d6zel marka program\u0131m\u0131z size pahal\u0131 altyap\u0131 veya ekipmana ihtiya\u00e7 duymadan kendi y\u00fcksek kaliteli \u00fcr\u00fcnlerinizi yaratma f\u0131rsat\u0131 sunar.<\/p>\n<p>[\/et_pb_text][\/et_pb_column_inner][\/et_pb_row_inner][et_pb_row_inner use_custom_gutter=&#8221;on&#8221; gutter_width=&#8221;1&#8243; _builder_version=&#8221;4.16&#8243; global_colors_info=&#8221;{}&#8221;][et_pb_column_inner saved_specialty_column_type=&#8221;1_2&#8243; _builder_version=&#8221;4.16&#8243; global_colors_info=&#8221;{}&#8221;][et_pb_image src=&#8221;https:\/\/www.aptilongroup.com\/wp-content\/uploads\/2023\/06\/13-PRIV-Medium.jpg&#8221; title_text=&#8221;13 PR\u0130V (Medium)&#8221; _builder_version=&#8221;4.21.0&#8243; _module_preset=&#8221;default&#8221; global_colors_info=&#8221;{}&#8221;][\/et_pb_image][\/et_pb_column_inner][\/et_pb_row_inner][et_pb_row_inner _builder_version=&#8221;4.16&#8243; custom_padding=&#8221;|||&#8221; global_colors_info=&#8221;{}&#8221;][et_pb_column_inner saved_specialty_column_type=&#8221;1_2&#8243; _builder_version=&#8221;4.16&#8243; global_colors_info=&#8221;{}&#8221;][et_pb_text _builder_version=&#8221;4.21.0&#8243; header_font=&#8221;Poppins|600|||||||&#8221; header_font_size=&#8221;64px&#8221; header_line_height=&#8221;1.2em&#8221; header_2_font=&#8221;Abril Fatface||||||||&#8221; header_2_text_color=&#8221;#243063&#8243; custom_margin_tablet=&#8221;||10px&#8221; custom_margin_phone=&#8221;&#8221; custom_margin_last_edited=&#8221;on|desktop&#8221; header_font_size_tablet=&#8221;48px&#8221; header_font_size_phone=&#8221;32px&#8221; header_font_size_last_edited=&#8221;on|desktop&#8221; locked=&#8221;off&#8221; global_colors_info=&#8221;{}&#8221;]<\/p>\n<h2>Private Label S\u00fcrecimiz<\/h2>\n<p>[\/et_pb_text][et_pb_text _builder_version=&#8221;4.21.0&#8243; text_font=&#8221;||||||||&#8221; text_text_color=&#8221;#243063&#8243; text_font_size=&#8221;17px&#8221; text_line_height=&#8221;1.8em&#8221; text_font_size_tablet=&#8221;&#8221; text_font_size_phone=&#8221;14px&#8221; text_font_size_last_edited=&#8221;on|desktop&#8221; locked=&#8221;off&#8221; global_colors_info=&#8221;{}&#8221;]<\/p>\n<p><span style=\"color: #3366ff;\"><strong>Dan\u0131\u015fma<\/strong><\/span>: \u0130\u015finizi ve \u00fcr\u00fcn ihtiya\u00e7lar\u0131n\u0131z\u0131 anlayarak ba\u015flayaca\u011f\u0131z ve \u00f6zel etiket hatt\u0131n\u0131z i\u00e7in en iyi form\u00fclasyon ve paketleme se\u00e7enekleri konusunda rehberlik edece\u011fiz.<\/p>\n<p><span style=\"color: #3366ff;\"><strong>Form\u00fclasyon<\/strong><\/span>: Deneyimli form\u00fclat\u00f6rlerimiz, spesifikasyonlar\u0131n\u0131z\u0131 ve gereksinimlerinizi kar\u015f\u0131layan \u00f6zel form\u00fclasyonlar geli\u015ftirecektir.<br \/>Paketleme: \u0130htiya\u00e7lar\u0131n\u0131za uygun bir dizi paketleme se\u00e7ene\u011fi sunar ve hedef kitlenize hitap eden \u00e7ekici, g\u00f6z al\u0131c\u0131 tasar\u0131mlar sunar\u0131z.<\/p>\n<p><span style=\"color: #3366ff;\"><strong>\u00dcretim<\/strong><\/span>: Son teknoloji \u00fcretim tesislerimiz, y\u00fcksek kaliteli \u00f6zel markal\u0131 \u00fcr\u00fcnleri verimli ve h\u0131zl\u0131 bir \u015fekilde \u00fcretmek i\u00e7in en son ekipman ve s\u00fcre\u00e7leri kullan\u0131r.<\/p>\n<p><span style=\"color: #3366ff;\"><strong>Nakliye<\/strong><\/span>: Nakliye ve lojisti\u011fin t\u00fcm y\u00f6nlerini ele alabilir, \u00f6zel markal\u0131 \u00fcr\u00fcnlerinizi h\u0131zl\u0131 ve verimli bir \u015fekilde pazara sunabiliriz.<\/p>\n<p>&nbsp;<\/p>\n<p>[\/et_pb_text][\/et_pb_column_inner][\/et_pb_row_inner][et_pb_row_inner column_structure=&#8221;1_3,1_3,1_3&#8243; use_custom_gutter=&#8221;on&#8221; gutter_width=&#8221;2&#8243; _builder_version=&#8221;4.20.2&#8243; overflow-x=&#8221;visible&#8221; overflow-y=&#8221;visible&#8221; custom_padding=&#8221;|||||&#8221; global_colors_info=&#8221;{}&#8221;][et_pb_column_inner type=&#8221;1_3&#8243; saved_specialty_column_type=&#8221;1_2&#8243; _builder_version=&#8221;4.19.4&#8243; background_color=&#8221;gcid-5c4dcd37-9d26-4240-b217-1e37bf2340b3&#8243; custom_padding=&#8221;20px|10px|20px|10px|true|true&#8221; link_option_url=&#8221;#&#8221; border_radii=&#8221;on|10px|10px|10px|10px&#8221; box_shadow_style=&#8221;preset1&#8243; box_shadow_vertical=&#8221;20px&#8221; box_shadow_blur=&#8221;60px&#8221; box_shadow_color=&#8221;rgba(22,41,68,0.12)&#8221; global_colors_info=&#8221;{%22gcid-5c4dcd37-9d26-4240-b217-1e37bf2340b3%22:%91%22background_color%22%93}&#8221; transform_styles__hover_enabled=&#8221;on&#8221; transform_scale__hover_enabled=&#8221;on&#8221; transform_translate__hover_enabled=&#8221;on&#8221; transform_rotate__hover_enabled=&#8221;on&#8221; transform_skew__hover_enabled=&#8221;on&#8221; transform_origin__hover_enabled=&#8221;on&#8221; transform_scale__hover=&#8221;107%|107%&#8221;][et_pb_blurb title=&#8221;mendil&#8221; image=&#8221;https:\/\/www.aptilongroup.com\/wp-content\/uploads\/2022\/11\/wetwipes.png&#8221; _builder_version=&#8221;4.20.2&#8243; header_font=&#8221;Poppins|600||on|||||&#8221; header_font_size=&#8221;11px&#8221; header_letter_spacing=&#8221;2px&#8221; header_line_height=&#8221;1.6em&#8221; text_orientation=&#8221;center&#8221; background_layout=&#8221;dark&#8221; animation=&#8221;off&#8221; locked=&#8221;off&#8221; global_colors_info=&#8221;{}&#8221;][\/et_pb_blurb][\/et_pb_column_inner][et_pb_column_inner type=&#8221;1_3&#8243; saved_specialty_column_type=&#8221;1_2&#8243; _builder_version=&#8221;4.19.4&#8243; background_color=&#8221;gcid-5c4dcd37-9d26-4240-b217-1e37bf2340b3&#8243; custom_padding=&#8221;20px|10px|20px|10px|true|true&#8221; link_option_url=&#8221;#&#8221; border_radii=&#8221;on|10px|10px|10px|10px&#8221; box_shadow_style=&#8221;preset1&#8243; box_shadow_vertical=&#8221;20px&#8221; box_shadow_blur=&#8221;60px&#8221; box_shadow_color=&#8221;rgba(22,41,68,0.12)&#8221; global_colors_info=&#8221;{%22gcid-5c4dcd37-9d26-4240-b217-1e37bf2340b3%22:%91%22background_color%22,%22background_color%22%93}&#8221; transform_styles__hover_enabled=&#8221;on&#8221; transform_scale__hover=&#8221;107%|107%&#8221; transform_scale__hover_enabled=&#8221;on&#8221; transform_translate__hover_enabled=&#8221;on&#8221; transform_rotate__hover_enabled=&#8221;on&#8221; transform_skew__hover_enabled=&#8221;on&#8221; transform_origin__hover_enabled=&#8221;on&#8221;][et_pb_blurb title=&#8221;Bebek bezi&#8221; image=&#8221;https:\/\/www.aptilongroup.com\/wp-content\/uploads\/2022\/11\/diaperpants.png&#8221; _builder_version=&#8221;4.19.4&#8243; header_font=&#8221;Poppins|600||on|||||&#8221; header_font_size=&#8221;11px&#8221; header_letter_spacing=&#8221;2px&#8221; header_line_height=&#8221;1.6em&#8221; text_orientation=&#8221;center&#8221; background_layout=&#8221;dark&#8221; animation=&#8221;off&#8221; locked=&#8221;off&#8221; global_colors_info=&#8221;{}&#8221;][\/et_pb_blurb][\/et_pb_column_inner][et_pb_column_inner type=&#8221;1_3&#8243; saved_specialty_column_type=&#8221;1_2&#8243; _builder_version=&#8221;4.19.4&#8243; background_color=&#8221;gcid-5c4dcd37-9d26-4240-b217-1e37bf2340b3&#8243; custom_padding=&#8221;20px|10px|20px|10px|true|true&#8221; link_option_url=&#8221;#&#8221; border_radii=&#8221;on|10px|10px|10px|10px&#8221; box_shadow_style=&#8221;preset1&#8243; box_shadow_vertical=&#8221;20px&#8221; box_shadow_blur=&#8221;60px&#8221; box_shadow_color=&#8221;rgba(22,41,68,0.12)&#8221; global_colors_info=&#8221;{%22gcid-5c4dcd37-9d26-4240-b217-1e37bf2340b3%22:%91%22background_color%22,%22background_color%22%93}&#8221; transform_styles__hover_enabled=&#8221;on&#8221; transform_scale__hover=&#8221;107%|107%&#8221; transform_scale__hover_enabled=&#8221;on&#8221; transform_translate__hover_enabled=&#8221;on&#8221; transform_rotate__hover_enabled=&#8221;on&#8221; transform_skew__hover_enabled=&#8221;on&#8221; transform_origin__hover_enabled=&#8221;on&#8221;][et_pb_blurb title=&#8221;De\u011fi\u015ftirme pedi &#8221; image=&#8221;https:\/\/www.aptilongroup.com\/wp-content\/uploads\/2022\/11\/changingmat.png&#8221; _builder_version=&#8221;4.21.2&#8243; header_font=&#8221;Poppins|600||on|||||&#8221; header_font_size=&#8221;11px&#8221; header_letter_spacing=&#8221;2px&#8221; header_line_height=&#8221;1.6em&#8221; text_orientation=&#8221;center&#8221; background_layout=&#8221;dark&#8221; animation=&#8221;off&#8221; hover_enabled=&#8221;0&#8243; locked=&#8221;off&#8221; global_colors_info=&#8221;{}&#8221; sticky_enabled=&#8221;0&#8243;][\/et_pb_blurb][\/et_pb_column_inner][\/et_pb_row_inner][\/et_pb_column][et_pb_column type=&#8221;1_2&#8243; admin_label=&#8221;Column&#8221; _builder_version=&#8221;4.16&#8243; custom_padding=&#8221;|||&#8221; global_colors_info=&#8221;{}&#8221; custom_padding__hover=&#8221;|||&#8221;][et_pb_text _builder_version=&#8221;4.19.4&#8243; text_font=&#8221;||||||||&#8221; header_font=&#8221;||||||||&#8221; header_2_font=&#8221;||||||||&#8221; header_3_font=&#8221;Poppins|500|||||||&#8221; header_3_font_size=&#8221;28px&#8221; header_3_line_height=&#8221;1.2em&#8221; header_4_font=&#8221;Poppins|600||on|||||&#8221; header_4_font_size=&#8221;11px&#8221; header_4_letter_spacing=&#8221;2px&#8221; header_4_line_height=&#8221;1.6em&#8221; background_color=&#8221;#ffffff&#8221; transform_translate=&#8221;-8%|0px&#8221; transform_translate_linked=&#8221;off&#8221; module_alignment=&#8221;center&#8221; custom_margin=&#8221;|-64px||-64px|false|true&#8221; custom_margin_tablet=&#8221;|0px||0px||true&#8221; custom_margin_phone=&#8221;&#8221; custom_margin_last_edited=&#8221;on|phone&#8221; custom_padding=&#8221;32px|30px|22px|30px|false|true&#8221; header_3_font_size_tablet=&#8221;20px&#8221; header_3_font_size_phone=&#8221;18px&#8221; header_3_font_size_last_edited=&#8221;on|desktop&#8221; border_radii=&#8221;off||10px|10px|&#8221; border_color_all=&#8221;#004fe8&#8243; border_width_left=&#8221;4px&#8221; box_shadow_style=&#8221;preset1&#8243; box_shadow_vertical=&#8221;20px&#8221; box_shadow_blur=&#8221;60px&#8221; box_shadow_color=&#8221;rgba(22,41,68,0.12)&#8221; locked=&#8221;off&#8221; global_colors_info=&#8221;{}&#8221;]<\/p>\n<h4>T\u00fcrkiye&#8217;de \u00fcretilmi\u015ftir, TR<\/h4>\n<p>[\/et_pb_text][\/et_pb_column][\/et_pb_section][et_pb_section fb_built=&#8221;1&#8243; _builder_version=&#8221;4.21.0&#8243; _module_preset=&#8221;default&#8221; background_color=&#8221;#0C71C3&#8243; background_image=&#8221;https:\/\/www.aptilongroup.com\/wp-content\/uploads\/2023\/03\/concept-of-baby-clothes-with-reusable-diapers-on-p-2021-12-09.jpg&#8221; background_blend=&#8221;multiply&#8221; global_colors_info=&#8221;{}&#8221;][et_pb_row _builder_version=&#8221;4.21.0&#8243; _module_preset=&#8221;default&#8221; global_colors_info=&#8221;{}&#8221;][et_pb_column type=&#8221;4_4&#8243; _builder_version=&#8221;4.21.0&#8243; _module_preset=&#8221;default&#8221; global_colors_info=&#8221;{}&#8221;][et_pb_text _builder_version=&#8221;4.21.0&#8243; _module_preset=&#8221;default&#8221; text_text_color=&#8221;#FFFFFF&#8221; header_2_font=&#8221;Abril Fatface||||||||&#8221; header_2_text_color=&#8221;#FFFFFF&#8221; header_2_line_height=&#8221;1.4em&#8221; global_colors_info=&#8221;{}&#8221;]<\/p>\n<h2>Aptilongroup Fabrikas\u0131: Private Label i\u00e7in Tek Noktan\u0131z<\/h2>\n<p>&nbsp;<\/p>\n<p>Aptlilongroup fabrikas\u0131, \u00f6zel etiketin lider tedarik\u00e7isidir. Marka, boyut ve kalite dahil olmak \u00fczere \u00e7ok \u00e7e\u015fitli \u00f6zelle\u015ftirme se\u00e7enekleri sunuyoruz. Bebek bezi, \u0131slak mendil ve alt pedi gibi markan\u0131za \u00f6zel ve m\u00fc\u015fterilerinizin ihtiya\u00e7lar\u0131n\u0131 kar\u015f\u0131layan bir bebek \u00fcr\u00fcnleri serisi olu\u015fturman\u0131za yard\u0131mc\u0131 olabiliriz.<\/p>\n<p>Deneyimli tasar\u0131mc\u0131lardan ve \u00fcreticilerden olu\u015fan ekibimiz, \u00f6zel etiketli malzemenizin en y\u00fcksek kalitede olmas\u0131n\u0131 sa\u011flamak i\u00e7in yolun her ad\u0131m\u0131nda sizinle birlikte \u00e7al\u0131\u015facakt\u0131r. \u00dcr\u00fcnlerinizi pazarlamak ve satmak i\u00e7in ihtiyac\u0131n\u0131z olan deste\u011fi de sa\u011flayaca\u011f\u0131z.<\/p>\n<p>\u00d6zel markal\u0131 bebek \u00fcr\u00fcnleri i\u00e7in g\u00fcvenilir ve deneyimli bir tedarik\u00e7i ar\u0131yorsan\u0131z, Aptilongroup fabrikas\u0131 sizin i\u00e7in m\u00fckemmel bir se\u00e7imdir. Hizmetlerimiz hakk\u0131nda daha fazla bilgi edinmek i\u00e7in bug\u00fcn bize ula\u015f\u0131n.<\/p>\n<p>\u0130\u015fte baz\u0131 ek ayr\u0131nt\u0131lar:<\/p>\n<ul>\n<li>Bebek bezi, \u0131slak mendil, altl\u0131k ve daha fazlas\u0131 dahil olmak \u00fczere \u00e7ok \u00e7e\u015fitli malzeme stilleri sunuyoruz.<\/li>\n<li>Logonuzu ve markan\u0131z\u0131 malzemelerimize yazd\u0131rabilir veya i\u015fleyebiliriz.<\/li>\n<li>\u00d6zel ihtiya\u00e7lar\u0131n\u0131z\u0131 kar\u015f\u0131lamak i\u00e7in malzemelerimizin boyutunu, rengini ve kuma\u015f\u0131n\u0131 \u00f6zelle\u015ftirebiliriz.<\/li>\n<li>Standarttan premiuma kadar \u00e7e\u015fitli kalite se\u00e7enekleri sunuyoruz.<\/li>\n<li>H\u0131zl\u0131 geri d\u00f6n\u00fc\u015f s\u00fcremiz var, b\u00f6ylece \u00fcr\u00fcnlerinizi h\u0131zl\u0131 bir \u015fekilde pazara sunabilirsiniz.<\/li>\n<li>Rekabet\u00e7i fiyatlar sunuyoruz.<\/li>\n<\/ul>\n<p>[\/et_pb_text][\/et_pb_column][\/et_pb_row][\/et_pb_section][et_pb_section fb_built=&#8221;1&#8243; fullwidth=&#8221;on&#8221; _builder_version=&#8221;4.20.2&#8243; _module_preset=&#8221;default&#8221; global_colors_info=&#8221;{}&#8221;][et_pb_fullwidth_header title=&#8221;Bize Ula\u015f\u0131n&#8221; _builder_version=&#8221;4.20.2&#8243; _module_preset=&#8221;default&#8221; title_font=&#8221;Aboreto||||||||&#8221; content_font=&#8221;ABeeZee||||||||&#8221; background_color=&#8221;gcid-a4d2563e-7c0f-47cb-919a-e3be012c630b&#8221; global_colors_info=&#8221;{%22gcid-a4d2563e-7c0f-47cb-919a-e3be012c630b%22:%91%22background_color%22%93}&#8221;]<\/p>\n<p>\u00f6zel etiket program\u0131m\u0131z ve kendi y\u00fcksek kaliteli \u00fcr\u00fcn yelpazenizi olu\u015fturman\u0131za nas\u0131l yard\u0131mc\u0131 olabilece\u011fimiz hakk\u0131nda daha fazla bilgi edinmek i\u00e7in.<\/p>\n<p>&nbsp;<\/p>\n<p>&nbsp;<\/p>\n<p>[\/et_pb_fullwidth_header][\/et_pb_section]<\/p>\n","protected":false},"excerpt":{"rendered":"<p>\u00d6zel etiket\u00d6zel Marka \u00c7\u00f6z\u00fcmleriAptilon Group olarak, bir\u00e7ok \u015firketin kendilerini pazarda farkl\u0131 k\u0131lmak i\u00e7in benzersiz \u00e7\u00f6z\u00fcmler arad\u0131\u011f\u0131n\u0131 anl\u0131yoruz. \u00d6zel marka program\u0131m\u0131z size pahal\u0131 altyap\u0131 veya ekipmana ihtiya\u00e7 duymadan kendi y\u00fcksek kaliteli \u00fcr\u00fcnlerinizi yaratma f\u0131rsat\u0131 sunar.Private Label S\u00fcrecimizDan\u0131\u015fma: \u0130\u015finizi ve \u00fcr\u00fcn ihtiya\u00e7lar\u0131n\u0131z\u0131 anlayarak ba\u015flayaca\u011f\u0131z ve \u00f6zel etiket hatt\u0131n\u0131z i\u00e7in en iyi form\u00fclasyon ve paketleme se\u00e7enekleri konusunda rehberlik [&hellip;]<\/p>\n","protected":false},"author":1,"featured_media":0,"parent":0,"menu_order":0,"comment_status":"closed","ping_status":"closed","template":"","meta":{"_et_pb_use_builder":"on","_et_pb_old_content":"","_et_gb_content_width":"","footnotes":""},"_links":{"self":[{"href":"https:\/\/www.aptilongroup.com\/tr\/wp-json\/wp\/v2\/pages\/242250"}],"collection":[{"href":"https:\/\/www.aptilongroup.com\/tr\/wp-json\/wp\/v2\/pages"}],"about":[{"href":"https:\/\/www.aptilongroup.com\/tr\/wp-json\/wp\/v2\/types\/page"}],"author":[{"embeddable":true,"href":"https:\/\/www.aptilongroup.com\/tr\/wp-json\/wp\/v2\/users\/1"}],"replies":[{"embeddable":true,"href":"https:\/\/www.aptilongroup.com\/tr\/wp-json\/wp\/v2\/comments?post=242250"}],"version-history":[{"count":1,"href":"https:\/\/www.aptilongroup.com\/tr\/wp-json\/wp\/v2\/pages\/242250\/revisions"}],"predecessor-version":[{"id":242253,"href":"https:\/\/www.aptilongroup.com\/tr\/wp-json\/wp\/v2\/pages\/242250\/revisions\/242253"}],"wp:attachment":[{"href":"https:\/\/www.aptilongroup.com\/tr\/wp-json\/wp\/v2\/media?parent=242250"}],"curies":[{"name":"wp","href":"https:\/\/api.w.org\/{rel}","templated":true}]}}